{"id":46,"date":"2018-06-14T12:03:36","date_gmt":"2018-06-14T10:03:36","guid":{"rendered":"https:\/\/www.kinder-brauchen-uns.net\/wp\/?page_id=46"},"modified":"2022-01-07T10:43:25","modified_gmt":"2022-01-07T09:43:25","slug":"home","status":"publish","type":"page","link":"https:\/\/www.kinder-brauchen-uns.net\/wp\/","title":{"rendered":"Home"},"content":{"rendered":"<h3>Kinder brauchen uns e.V.<\/h3>\n<p>Humanit\u00e4re Hilfe f\u00fcr Not leidende Kinder aus Kriegs- und Krisengebieten<\/p>\n<p>Spendenkonto\u00a0IBAN DE68 3625 0000 0175 0911 49<br \/>Sparkasse M\u00fclheim a.d. Ruhr<\/p>\n<p>\u00a0<\/p>\n<p>\u201cKinder brauchen uns\u201c koordiniert seit 2002 humanit\u00e4re Hilfen f\u00fcr Kinder aus Afghanistan in der Form, dass ihnen eine kostenlose, medizinische Versorgung in Deutschland zug\u00e4nglich gemacht wird. W\u00e4hrend der Zeit, in der sie von zu Hause fort sind, leben sie in Gastfamilien, die vom Verein ausgew\u00e4hlt und vermittelt werden. Nach dem Aufenthalt in Deutschland gehen sie wieder zur\u00fcck in ihr Heimatland, zur\u00fcck in ihre Familien.<br \/><strong><a href=\"https:\/\/www.kinder-brauchen-uns.net\/wp\/ueber-uns\/\">Lesen Sie hier mehr &#8230;\u00a0<\/a><\/strong><\/p>\n<p>\u00a0<\/p>\n<p style=\"text-align: center;\"><strong>Oder besuchen Sie uns auf unseren Socialmedia-Seiten &#8230;<\/strong><\/p>\n<p style=\"text-align: center;\">\n<table id=\"tablepress-1\" class=\"tablepress tablepress-id-1\">\n<thead>\n<tr class=\"row-1\">\n\t<th class=\"column-1\"><center><a href=\"https:\/\/www.facebook.com\/Kinder.afg\" target=\"_blank\" rel=\"noopener\"><img loading=\"lazy\" decoding=\"async\" src=\"https:\/\/www.kinder-brauchen-uns.net\/wp\/wp-content\/uploads\/f_logo_RGB-Bluex150.png\" alt=\"Facebook Logo\" width=\"150\" height=\"150\" class=\"alignnone size-full wp-image-171\" \/><\/a><\/center><\/th><th class=\"column-2\"><center><a href=\"https:\/\/www.instagram.com\/kinderbrauchenuns_\/\" target=\"_blank\" rel=\"noopener\"><img loading=\"lazy\" decoding=\"async\" src=\"https:\/\/www.kinder-brauchen-uns.net\/wp\/wp-content\/uploads\/ig-iconx150.png\" alt=\"Instagram\" width=\"146\" height=\"150\" class=\"alignnone size-full wp-image-170\" \/><\/a><\/center><\/th>\n<\/tr>\n<\/thead>\n<tbody>\n<\/tbody>\n<\/table>\n<!-- #tablepress-1 from cache --><\/p>\n\n\n<p><\/p>\n","protected":false},"excerpt":{"rendered":"<p>Kinder brauchen uns e.V. Humanit\u00e4re Hilfe f\u00fcr Not leidende Kinder aus Kriegs- und Krisengebieten Spendenkonto\u00a0IBAN DE68 3625 0000 0175 0911 [&hellip;]<\/p>\n","protected":false},"author":2,"featured_media":0,"parent":0,"menu_order":0,"comment_status":"closed","ping_status":"closed","template":"","meta":{"footnotes":""},"_links":{"self":[{"href":"https:\/\/www.kinder-brauchen-uns.net\/wp\/wp-json\/wp\/v2\/pages\/46"}],"collection":[{"href":"https:\/\/www.kinder-brauchen-uns.net\/wp\/wp-json\/wp\/v2\/pages"}],"about":[{"href":"https:\/\/www.kinder-brauchen-uns.net\/wp\/wp-json\/wp\/v2\/types\/page"}],"author":[{"embeddable":true,"href":"https:\/\/www.kinder-brauchen-uns.net\/wp\/wp-json\/wp\/v2\/users\/2"}],"replies":[{"embeddable":true,"href":"https:\/\/www.kinder-brauchen-uns.net\/wp\/wp-json\/wp\/v2\/comments?post=46"}],"version-history":[{"count":16,"href":"https:\/\/www.kinder-brauchen-uns.net\/wp\/wp-json\/wp\/v2\/pages\/46\/revisions"}],"predecessor-version":[{"id":189,"href":"https:\/\/www.kinder-brauchen-uns.net\/wp\/wp-json\/wp\/v2\/pages\/46\/revisions\/189"}],"wp:attachment":[{"href":"https:\/\/www.kinder-brauchen-uns.net\/wp\/wp-json\/wp\/v2\/media?parent=46"}],"curies":[{"name":"wp","href":"https:\/\/api.w.org\/{rel}","templated":true}]}}